{"id":3791,"date":"2025-11-07T09:07:01","date_gmt":"2025-11-07T08:07:01","guid":{"rendered":"https:\/\/berlintc.de\/kontakt"},"modified":"2026-04-14T17:10:36","modified_gmt":"2026-04-14T15:10:36","slug":"kontakt","status":"publish","type":"page","link":"https:\/\/berlintc.de\/uk\/kontakt","title":{"rendered":"\u041a\u041e\u041d\u0422\u0410\u041a\u0422"},"content":{"rendered":"<section id=\"block_1cd11b17772f43ec2560633471235674\" class=\"block-contact pt-15 pb-15 md:pt-15 md:pb-20 bg-secondary-500   alignfull  \"><div class=\"l-wrap\">\n\n\n  <div class=\"relative z-20 max-w-[1382px]\">\n    <div class=\"grid grid-cols-12 contact-items pb-4 sm:pb-9\" data-aos=\"fade-up\">\n\n      <div class=\"col-span-12 sm:col-span-8  md:col-span-8 order-2 sm:order-1 sm:pr-[35px] lg:pr-[23px] \">\n        <h1 class=\"heading-h1 uppercase sm:inline-block !text-secondary-light !text-white font-bold !mb-5 !mt-[15px] md:!mt-9 text-center md:!text-left\" data-aos=\"fade-right\">\n          \u041a\u041e\u041d\u0422\u0410\u041a\u0422        <\/h1>\n                  <div class=\"text-white text-16 leading-1.55 mb-4\">\n            <p>\u041e\u0441\u0442\u0430\u0442\u043e\u0447\u043d\u0430 \u0446\u0456\u043d\u0430 \u043f\u0435\u0440\u0435\u043a\u043b\u0430\u0434\u0443 \u0437\u0430\u0432\u0436\u0434\u0438 \u0437\u0430\u043b\u0435\u0436\u0438\u0442\u044c \u0432\u0456\u0434 \u043a\u0456\u043b\u044c\u043a\u043e\u0445 \u0444\u0430\u043a\u0442\u043e\u0440\u0456\u0432, \u0442\u0430\u043a\u0438\u0445 \u044f\u043a \u0442\u0435\u0440\u043c\u0456\u043d\u0438, \u0442\u0435\u043c\u0430\u0442\u0438\u043a\u0430 \u0442\u0430 \u0434\u043e\u0434\u0430\u0442\u043a\u043e\u0432\u0456 \u043f\u043e\u0441\u043b\u0443\u0433\u0438 (\u0432\u0435\u0440\u0441\u0442\u043a\u0430, \u0434\u043e\u0441\u0442\u0430\u0432\u043a\u0430 \u0442\u043e\u0449\u043e). \u0417\u0430\u0432\u0430\u043d\u0442\u0430\u0436\u0442\u0435 \u0442\u0443\u0442 \u0441\u0432\u0456\u0439 \u0434\u043e\u043a\u0443\u043c\u0435\u043d\u0442 \u0434\u043b\u044f \u043f\u0435\u0440\u0435\u043a\u043b\u0430\u0434\u0443, \u0456 \u044f \u0437\u0432\u2019\u044f\u0436\u0443\u0441\u044f \u0437 \u0432\u0430\u043c\u0438 \u0437 \u0440\u043e\u0437\u0440\u0430\u0445\u0443\u043d\u043a\u043e\u043c \u0432\u0430\u0440\u0442\u043e\u0441\u0442\u0456.<\/p>\n          <\/div>\n                <form action=\"https:\/\/berlintc.de\/uk\/wp-json\/ws-form\/v1\/submit\" class=\"wsf-form wsf-form-canvas\" id=\"ws-form-1\" data-id=\"12\" method=\"POST\" data-instance-id=\"1\" data-wsf-style-id=\"1\"><\/form>\n      <\/div>\n\n      <div class=\"col-span-12 sm:col-span-4 md:col-span-4  order-1 sm:order-2 mb-10 sm:mb-0 xl:mr-[15px]\">\n        <div class=\"mx-auto sm:mt-11 md:ml-[70px] lg:ml-[105px]\">\n          <div class=\"text-center text-[#FDFAF5] text-16 leading-1.55 mb-4 font-semibold\">\n\n                        <div class=\" text-[#FDFAF5] text-16 font-semibold [&#038;_strong]:text-white\">\n                          <\/div>\n          <\/div>\n          <div class=\"border rounded-tl-[43px]  border-[#6E6E84] overflow-hidden bg-[#464656]\">\n\n                          <div class=\"w-full flex justify-center\">\n                <img loading=\"lazy\" decoding=\"async\" width=\"1000\" height=\"1000\" src=\"https:\/\/berlintc.de\/wp-content\/uploads\/2026\/01\/galina-loheit-dolmetscher-uebersetzer-berlin_2.webp\" class=\"w-full !mt-0 !mb-0 h-auto object-cover rounded-tl-[10px]\" alt=\"Portr\u00e4t von Galina Loheit, beeidigte Dolmetscherin und erm\u00e4chtigte \u00dcbersetzerin\" srcset=\"https:\/\/berlintc.de\/wp-content\/uploads\/2026\/01\/galina-loheit-dolmetscher-uebersetzer-berlin_2.webp 1000w, https:\/\/berlintc.de\/wp-content\/uploads\/2026\/01\/galina-loheit-dolmetscher-uebersetzer-berlin_2-300x300.webp 300w, https:\/\/berlintc.de\/wp-content\/uploads\/2026\/01\/galina-loheit-dolmetscher-uebersetzer-berlin_2-150x150.webp 150w, https:\/\/berlintc.de\/wp-content\/uploads\/2026\/01\/galina-loheit-dolmetscher-uebersetzer-berlin_2-768x768.webp 768w\" sizes=\"auto, (max-width: 1000px) 100vw, 1000px\" \/>              <\/div>\n            \n            <div class=\"\">\n              <div class=\"px-4 lg:px-7 pt-4 pb-4 border-b border-[#6E6E84]\">\n                <div class=\"text-14 mb-[5px] text-center sm:!text-left font-semibold text-[#D6D6D6]\"> \u041d\u0430\u043f\u0438\u0448\u0456\u0442\u044c \u043d\u0430\u043c!<\/div>\n                <div class=\"flex items-center justify-center sm:justify-start group\">\n                  <div class=\"flex-none transition-all duration-300 transform group-hover:-translate-y-[2px] w-[17px]\">\n                    <svg width=\"17\" height=\"17\" viewBox=\"0 0 17 17\" fill=\"none\" xmlns=\"http:\/\/www.w3.org\/2000\/svg\">\n                      <path fill-rule=\"evenodd\" clip-rule=\"evenodd\" d=\"M2.83334 3.54167C2.44213 3.54167 2.125 3.8588 2.125 4.25V12.75C2.125 13.1412 2.44213 13.4583 2.83334 13.4583H14.1667C14.5579 13.4583 14.875 13.1412 14.875 12.75V4.25C14.875 3.8588 14.5579 3.54167 14.1667 3.54167H2.83334ZM0.708336 4.25C0.708336 3.07639 1.65973 2.125 2.83334 2.125H14.1667C15.3403 2.125 16.2917 3.07639 16.2917 4.25V12.75C16.2917 13.9236 15.3403 14.875 14.1667 14.875H2.83334C1.65973 14.875 0.708336 13.9236 0.708336 12.75V4.25Z\" fill=\"white\" \/>\n                      <path fill-rule=\"evenodd\" clip-rule=\"evenodd\" d=\"M0.818827 4.57852C1.02864 4.24835 1.46639 4.15077 1.79657 4.36058L8.14807 8.39666C8.25367 8.4624 8.37558 8.49726 8.5 8.49726C8.62442 8.49726 8.74633 8.4624 8.85193 8.39666C8.85246 8.39633 8.85298 8.396 8.85351 8.39567L15.2034 4.36058C15.5336 4.15077 15.9714 4.24835 16.1812 4.57852C16.391 4.9087 16.2934 5.34645 15.9632 5.55626L9.60567 9.59619C9.27426 9.80382 8.89108 9.91393 8.5 9.91393C8.10892 9.91393 7.72575 9.80381 7.39434 9.59618L7.39051 9.59378L1.03677 5.55626C0.706591 5.34645 0.609015 4.9087 0.818827 4.57852Z\" fill=\"white\" \/>\n                    <\/svg>\n\n                  <\/div>\n                                      <a class=\"inline-block ml-2 text-14 lg:text-16 !text-white hover:!text-primary font-bold !no-underline transition-all duration-300\" href=\"mailto:info@berlintc.de\">info@berlintc.de<\/a>\n                                  <\/div>\n              <\/div>\n              <div class=\"px-4 md:px-7  pt-4 pb-5 border-b border-[#6E6E84]\">\n                                <div class=\"flex mb-2 items-center justify-center sm:justify-start group\">\n\n                  <div class=\"flex-none transition-all duration-300 transform group-hover:-translate-y-[2px] w-[17px]\">\n                    <svg width=\"16\" height=\"16\" viewBox=\"0 0 16 16\" fill=\"none\" xmlns=\"http:\/\/www.w3.org\/2000\/svg\">\n                      <path d=\"M13.5293 15.9999C13.4158 15.9999 13.3018 15.9921 13.188 15.9763C11.516 15.7446 9.89377 15.2384 8.3867 14.4782C6.91399 13.7359 5.57404 12.7662 4.40384 11.596C3.23368 10.4259 2.26399 9.08588 1.52168 7.61317C0.761453 6.10611 0.255294 4.48387 0.0236297 2.81189C-0.0251552 2.46141 0.0017952 2.10453 0.102663 1.76535C0.20353 1.42616 0.375969 1.11255 0.608346 0.845677C0.839273 0.580199 1.12445 0.367338 1.44465 0.221453C1.76484 0.0755674 2.1126 5.19949e-05 2.46446 1.14605e-06H5.39337C5.76114 -0.000444204 6.11727 0.12892 6.39902 0.365301C6.68077 0.601683 6.87005 0.929915 6.93353 1.29217L7.27776 3.24273C7.44222 4.17492 7.0494 5.13075 6.27697 5.67788L5.99656 5.87651C7.06945 7.51219 8.48512 8.91746 10.1382 9.98753L10.3217 9.72742C10.8685 8.95218 11.8255 8.55786 12.7597 8.72262L14.7078 9.06647C15.0701 9.12994 15.3983 9.31921 15.6347 9.60095C15.8711 9.88269 16.0004 10.2388 16 10.6066V13.5355C15.9999 13.8874 15.9244 14.2351 15.7785 14.5554C15.6326 14.8756 15.4197 15.1607 15.1542 15.3917C14.7037 15.7839 14.1266 15.9999 13.5293 15.9999ZM2.46446 1.33526C2.13438 1.33526 1.83285 1.47276 1.61545 1.72249C1.50844 1.84543 1.42903 1.98988 1.38258 2.14612C1.33614 2.30235 1.32374 2.46672 1.34622 2.62815C2.20998 8.8448 7.15507 13.7899 13.3718 14.6537C13.5332 14.6762 13.6976 14.6639 13.8538 14.6174C14.01 14.571 14.1545 14.4916 14.2774 14.3845C14.5271 14.1671 14.6647 13.8656 14.6647 13.5355V10.6066C14.6647 10.5528 14.6458 10.5008 14.6113 10.4596C14.5767 10.4184 14.5288 10.3907 14.4758 10.3815L14.4758 10.3814L12.5277 10.0376C12.1002 9.96236 11.6629 10.1426 11.4129 10.497L10.8676 11.2701C10.6675 11.5538 10.2833 11.6369 9.98381 11.461C7.73424 10.1394 5.84579 8.26367 4.52269 6.03679C4.34492 5.73765 4.42679 5.35212 4.71074 5.15097L5.50514 4.58827C5.85834 4.33806 6.03802 3.90104 5.96277 3.47481L5.61854 1.5242C5.60926 1.47124 5.58159 1.42324 5.5404 1.38868C5.49921 1.35411 5.44714 1.3352 5.39337 1.33526H2.46446Z\" fill=\"white\" \/>\n                    <\/svg>\n\n                  <\/div>\n                                      <a class=\"inline-block ml-2 text-14 md:text-16 font-bold !no-underline !text-white hover:!text-primary transition-all duration-300\" href=\"tel:+493028425402\">+49 30 28 425 402<\/a>\n                                  <\/div>\n                <div class=\"flex items-center justify-center sm:justify-start group\">\n\n                  <div class=\"flex-none transition-all duration-300 transform group-hover:-translate-y-[2px] w-[17px]\">\n                    <svg width=\"13\" height=\"19\" viewBox=\"0 0 13 19\" fill=\"none\" xmlns=\"http:\/\/www.w3.org\/2000\/svg\">\n                      <path d=\"M10.375 0.75H2.58333C1.57081 0.75 0.75 1.57081 0.75 2.58333V15.875C0.75 16.8875 1.57081 17.7083 2.58333 17.7083H10.375C11.3875 17.7083 12.2083 16.8875 12.2083 15.875V2.58333C12.2083 1.57081 11.3875 0.75 10.375 0.75Z\" stroke=\"white\" stroke-width=\"1.5\" \/>\n                      <path d=\"M5.5625 13.9583H7.39583\" stroke=\"white\" stroke-width=\"1.5\" stroke-linecap=\"round\" stroke-linejoin=\"round\" \/>\n                    <\/svg>\n\n\n                  <\/div>\n                                      <a class=\"inline-block ml-2 text-14 md:text-16 font-bold !no-underline !text-white hover:!text-primary transition-all duration-300\" href=\"tel:+4917668689960\">+49 176 68 689 960<\/a>\n                                  <\/div>\n                <div class=\"\">\n                                      <div class=\"text-14 mt-5 mb-[5px] text-center sm:!text-left font-semibold text-[#D6D6D6]\"> \u0406\u0437 \u0437\u0430\u0434\u043e\u0432\u043e\u043b\u0435\u043d\u043d\u044f\u043c \u0447\u0435\u0440\u0435\u0437 WhatsApp! <\/div>\n                                                        <div class=\"flex items-center justify-center sm:justify-start group\">\n                      <div class=\"flex-none transition-all duration-300 transform group-hover:-translate-y-[2px]\">\n                        <svg width=\"21\" height=\"21\" viewBox=\"0 0 21 21\" fill=\"none\" xmlns=\"http:\/\/www.w3.org\/2000\/svg\">\n                          <path d=\"M10.5 21C16.299 21 21 16.299 21 10.5C21 4.70101 16.299 0 10.5 0C4.70101 0 0 4.70101 0 10.5C0 16.299 4.70101 21 10.5 21Z\" fill=\"#04E579\" \/>\n                          <path fill-rule=\"evenodd\" clip-rule=\"evenodd\" d=\"M10.5877 5.7749C8.02647 5.7749 5.9502 7.85118 5.9502 10.4124C5.9502 12.9736 8.02647 15.0499 10.5877 15.0499C13.1489 15.0499 15.2252 12.9736 15.2252 10.4124C15.2252 7.85118 13.1489 5.7749 10.5877 5.7749ZM5.0752 10.4124C5.0752 7.36793 7.54323 4.8999 10.5877 4.8999C13.6322 4.8999 16.1002 7.36793 16.1002 10.4124C16.1002 13.4569 13.6322 15.9249 10.5877 15.9249C7.54323 15.9249 5.0752 13.4569 5.0752 10.4124Z\" fill=\"#2A2A33\" \/>\n                          <path d=\"M5.9505 13.2998L5.14551 16.1523L8.10301 15.3298L8.26049 14.4198L6.33549 15.0323L6.843 13.1948L5.9505 13.2998Z\" fill=\"#2A2A33\" \/>\n                          <path d=\"M6.2998 15.0499C6.2998 15.0324 6.9123 13.0024 6.9123 13.0024L8.38231 14.3849L6.2998 15.0499Z\" fill=\"#04E579\" \/>\n                          <path d=\"M8.61903 8.01935C8.45977 8.13812 8.32399 8.28964 8.21957 8.46517C8.11515 8.64069 8.04416 8.83673 8.01069 9.04193C7.9327 9.69571 8.30706 10.3663 8.30706 10.3663C8.68681 10.9734 9.13766 11.5256 9.64853 12.0091C10.0954 12.3891 10.6028 12.6788 11.146 12.864C11.4628 13 11.8094 13.0349 12.1443 12.9646C12.4411 12.8771 12.7036 12.6889 12.893 12.4282C12.9374 12.3096 12.9688 12.1858 12.9866 12.0594C13.0045 11.9485 13.0045 11.835 12.9866 11.7241C12.971 11.6068 11.8479 11.0536 11.7387 11.0871C11.6295 11.1206 11.5359 11.3385 11.4111 11.5229C11.2864 11.7073 11.2396 11.7912 11.1148 11.7912C10.99 11.7912 10.444 11.5565 9.92929 11.0536C9.63528 10.7796 9.4055 10.435 9.25857 10.0477C9.25857 10.0477 9.35216 9.9304 9.47695 9.746C9.57405 9.63166 9.64365 9.49354 9.67972 9.34367C9.67972 9.25986 9.24296 8.06964 9.13377 8.01935C8.96303 7.99355 8.78978 7.99355 8.61903 8.01935Z\" fill=\"#2A2A33\" \/>\n                        <\/svg>\n                      <\/div>\n                                            <a class=\"inline-block ml-2 text-14 md:text-16 font-bold !no-underline !text-[#04E579] hover:!text-white transition-all duration-300\" href=\"https:\/\/wa.me\/4917627231373\" target=\"_blank\" rel=\"noopener noreferrer\">+4917627231373<\/a>\n                    <\/div>\n                                  <\/div>\n              <\/div>\n                              <div class=\"px-4 md:px-7 pt-4 pb-5 border-b border-[#6E6E84]\">\n                  <div class=\"flex items-center justify-center sm:justify-start group\">\n                    <div class=\"text-14 md:text-16 font-bold !text-white mr-2\">\u0424\u0430\u043a\u0441<\/div>\n                    <span class=\"text-14 md:text-16 font-bold !text-white\">+49 30 28 42 54 03<\/span>\n                  <\/div>\n                <\/div>\n                                            <div class=\"px-4 md:px-7 pt-4 pb-5 p-reset text-white text-14 md:text-16 font-medium text-center sm:!text-left leading-1.4 p-reset [&#038;_p_strong]:!text-white flex flex-col\">\n                  <p><strong>\u041e\u0444\u0456\u0441:\u2028<\/strong><br \/>\n\u041a\u0456\u043c\u043d\u0430\u0442\u0430 305 \/ 3-\u0439 \u043f\u043e\u0432\u0435\u0440\u0445<br \/>\nFriedirchstrasse 176-179<br \/>\n10117 Berlin<\/p>\n                <\/div>\n              \n                              <div class=\"px-4 lg:px-7 pb-4 border-b border-[#6E6E84]\">\n                  <div class=\"text-14 mb-[5px] text-center sm:!text-left font-semibold text-[#D6D6D6]\">\n                                      <\/div>\n                  <div class=\"flex items-center justify-center sm:justify-start group\">\n                    <div class=\"flex-none transition-all duration-300 transform group-hover:-translate-y-[2px] w-[17px]\">\n                      <svg width=\"14\" height=\"21\" viewBox=\"0 0 14 21\" fill=\"none\" xmlns=\"http:\/\/www.w3.org\/2000\/svg\">\n                        <g clip-path=\"url(#clip0_9089_7010)\">\n                          <path d=\"M13.353 7.12816C13.353 8.51489 13.0392 9.88365 12.4352 11.1319L10.2675 15.612C9.16046 17.8998 8.60695 19.0437 7.80012 19.3085C7.395 19.4415 6.958 19.4415 6.55288 19.3085C5.74605 19.0437 5.19254 17.8998 4.08552 15.612L1.91776 11.1319C1.31375 9.88365 1 8.51489 1 7.12816V7.12816C1 3.74367 3.79201 1 7.1765 1V1C10.561 1 13.353 3.74367 13.353 7.12816V7.12816Z\" stroke=\"#FDFAF5\" stroke-width=\"2\" \/>\n                          <path d=\"M9.23533 7.17651C9.23533 8.31357 8.31356 9.23534 7.1765 9.23534C6.03944 9.23534 5.11767 8.31357 5.11767 7.17651C5.11767 6.03945 6.03944 5.11768 7.1765 5.11768C8.31356 5.11768 9.23533 6.03945 9.23533 7.17651Z\" fill=\"#FDFAF5\" \/>\n                        <\/g>\n                        <defs>\n                          <clipPath id=\"clip0_9089_7010\">\n                            <rect width=\"17\" height=\"25\" fill=\"white\" \/>\n                          <\/clipPath>\n                        <\/defs>\n                      <\/svg>\n                    <\/div>\n                                        <a href=\"https:\/\/maps.app.goo.gl\/Um54R25bVNZeCsHN9\" class=\"inline-block ml-2 text-14 lg:text-16 !text-white hover:!text-primary font-bold !no-underline transition-all duration-300\">\u041f\u0440\u043e\u043a\u043b\u0430\u0441\u0442\u0438 \u043c\u0430\u0440\u0448\u0440\u0443\u0442<\/a>\n                  <\/div>\n                <\/div>\n                          <\/div>\n          <\/div>\n        <\/div>\n      <\/div>\n    <\/div>\n  <\/div>\n\n\n\n\n\n\n\n<\/div><\/section>","protected":false},"excerpt":{"rendered":"","protected":false},"author":1,"featured_media":0,"parent":0,"menu_order":138,"comment_status":"closed","ping_status":"closed","template":"","meta":{"_acf_changed":false,"footnotes":""},"class_list":["post-3791","page","type-page","status-publish",""],"acf":[],"yoast_head":"<!-- This site is optimized with the Yoast SEO plugin v27.4 - https:\/\/yoast.com\/product\/yoast-seo-wordpress\/ -->\n<title>\u041a\u043e\u043d\u0442\u0430\u043a\u0442\u0438 | Berlin TC \u2013 \u043f\u0438\u0441\u044c\u043c\u043e\u0432\u0438\u0439 \u0442\u0430 \u0443\u0441\u043d\u0438\u0439 \u043f\u0435\u0440\u0435\u043a\u043b\u0430\u0434<\/title>\n<meta name=\"description\" content=\"\u0417\u0432\u2019\u044f\u0436\u0456\u0442\u044c\u0441\u044f \u0437 Berlin TC \u0434\u043b\u044f \u043f\u0440\u043e\u0444\u0435\u0441\u0456\u0439\u043d\u0438\u0445 \u043f\u0438\u0441\u044c\u043c\u043e\u0432\u0438\u0445 \u0456 \u0443\u0441\u043d\u0438\u0445 \u043f\u0435\u0440\u0435\u043a\u043b\u0430\u0434\u0456\u0432. \u0428\u0432\u0438\u0434\u043a\u0430 \u0442\u0430 \u043d\u0430\u0434\u0456\u0439\u043d\u0430 \u043f\u0456\u0434\u0442\u0440\u0438\u043c\u043a\u0430 \u0437\u0430 \u0432\u0430\u0448\u0438\u043c \u0437\u0430\u043f\u0438\u0442\u043e\u043c.\" \/>\n<meta name=\"robots\" content=\"index, follow, max-snippet:-1, max-image-preview:large, max-video-preview:-1\" \/>\n<link rel=\"canonical\" href=\"https:\/\/berlintc.de\/uk\/kontakt\" \/>\n<meta property=\"og:locale\" content=\"uk_UA\" \/>\n<meta property=\"og:type\" content=\"article\" \/>\n<meta property=\"og:url\" content=\"https:\/\/berlintc.de\/uk\/kontakt\" \/>\n<meta property=\"og:site_name\" content=\"Berlin Translation Center\" \/>\n<meta property=\"article:modified_time\" content=\"2026-04-14T15:10:36+00:00\" \/>\n<meta property=\"og:image\" content=\"https:\/\/berlintc.de\/wp-content\/uploads\/2026\/03\/btc_opengraphs.jpg\" \/>\n\t<meta property=\"og:image:width\" content=\"1200\" \/>\n\t<meta property=\"og:image:height\" content=\"628\" \/>\n\t<meta property=\"og:image:type\" content=\"image\/jpeg\" \/>\n<meta name=\"twitter:card\" content=\"summary_large_image\" \/>\n<meta name=\"twitter:image\" content=\"https:\/\/berlintc.de\/wp-content\/uploads\/2026\/03\/btc_opengraphs.jpg\" \/>\n<script type=\"application\/ld+json\" class=\"yoast-schema-graph\">{\"@context\":\"https:\\\/\\\/schema.org\",\"@graph\":[{\"@type\":\"WebPage\",\"@id\":\"https:\\\/\\\/berlintc.de\\\/uk\\\/kontakt\",\"url\":\"https:\\\/\\\/berlintc.de\\\/uk\\\/kontakt\",\"name\":\"\u041a\u043e\u043d\u0442\u0430\u043a\u0442\u0438 | Berlin TC \u2013 \u043f\u0438\u0441\u044c\u043c\u043e\u0432\u0438\u0439 \u0442\u0430 \u0443\u0441\u043d\u0438\u0439 \u043f\u0435\u0440\u0435\u043a\u043b\u0430\u0434\",\"isPartOf\":{\"@id\":\"https:\\\/\\\/berlintc.de\\\/#website\"},\"datePublished\":\"2025-11-07T08:07:01+00:00\",\"dateModified\":\"2026-04-14T15:10:36+00:00\",\"description\":\"\u0417\u0432\u2019\u044f\u0436\u0456\u0442\u044c\u0441\u044f \u0437 Berlin TC \u0434\u043b\u044f \u043f\u0440\u043e\u0444\u0435\u0441\u0456\u0439\u043d\u0438\u0445 \u043f\u0438\u0441\u044c\u043c\u043e\u0432\u0438\u0445 \u0456 \u0443\u0441\u043d\u0438\u0445 \u043f\u0435\u0440\u0435\u043a\u043b\u0430\u0434\u0456\u0432. \u0428\u0432\u0438\u0434\u043a\u0430 \u0442\u0430 \u043d\u0430\u0434\u0456\u0439\u043d\u0430 \u043f\u0456\u0434\u0442\u0440\u0438\u043c\u043a\u0430 \u0437\u0430 \u0432\u0430\u0448\u0438\u043c \u0437\u0430\u043f\u0438\u0442\u043e\u043c.\",\"breadcrumb\":{\"@id\":\"https:\\\/\\\/berlintc.de\\\/uk\\\/kontakt#breadcrumb\"},\"inLanguage\":\"uk\",\"potentialAction\":[{\"@type\":\"ReadAction\",\"target\":[\"https:\\\/\\\/berlintc.de\\\/uk\\\/kontakt\"]}]},{\"@type\":\"BreadcrumbList\",\"@id\":\"https:\\\/\\\/berlintc.de\\\/uk\\\/kontakt#breadcrumb\",\"itemListElement\":[{\"@type\":\"ListItem\",\"position\":1,\"name\":\"Home\",\"item\":\"https:\\\/\\\/berlintc.de\\\/uk\"},{\"@type\":\"ListItem\",\"position\":2,\"name\":\"\u041a\u041e\u041d\u0422\u0410\u041a\u0422\"}]},{\"@type\":\"WebSite\",\"@id\":\"https:\\\/\\\/berlintc.de\\\/#website\",\"url\":\"https:\\\/\\\/berlintc.de\\\/\",\"name\":\"Berlin Translation Center\",\"description\":\"\",\"potentialAction\":[{\"@type\":\"SearchAction\",\"target\":{\"@type\":\"EntryPoint\",\"urlTemplate\":\"https:\\\/\\\/berlintc.de\\\/?s={search_term_string}\"},\"query-input\":{\"@type\":\"PropertyValueSpecification\",\"valueRequired\":true,\"valueName\":\"search_term_string\"}}],\"inLanguage\":\"uk\"}]}<\/script>\n<!-- \/ Yoast SEO plugin. -->","yoast_head_json":{"title":"\u041a\u043e\u043d\u0442\u0430\u043a\u0442\u0438 | Berlin TC \u2013 \u043f\u0438\u0441\u044c\u043c\u043e\u0432\u0438\u0439 \u0442\u0430 \u0443\u0441\u043d\u0438\u0439 \u043f\u0435\u0440\u0435\u043a\u043b\u0430\u0434","description":"\u0417\u0432\u2019\u044f\u0436\u0456\u0442\u044c\u0441\u044f \u0437 Berlin TC \u0434\u043b\u044f \u043f\u0440\u043e\u0444\u0435\u0441\u0456\u0439\u043d\u0438\u0445 \u043f\u0438\u0441\u044c\u043c\u043e\u0432\u0438\u0445 \u0456 \u0443\u0441\u043d\u0438\u0445 \u043f\u0435\u0440\u0435\u043a\u043b\u0430\u0434\u0456\u0432. \u0428\u0432\u0438\u0434\u043a\u0430 \u0442\u0430 \u043d\u0430\u0434\u0456\u0439\u043d\u0430 \u043f\u0456\u0434\u0442\u0440\u0438\u043c\u043a\u0430 \u0437\u0430 \u0432\u0430\u0448\u0438\u043c \u0437\u0430\u043f\u0438\u0442\u043e\u043c.","robots":{"index":"index","follow":"follow","max-snippet":"max-snippet:-1","max-image-preview":"max-image-preview:large","max-video-preview":"max-video-preview:-1"},"canonical":"https:\/\/berlintc.de\/uk\/kontakt","og_locale":"uk_UA","og_type":"article","og_url":"https:\/\/berlintc.de\/uk\/kontakt","og_site_name":"Berlin Translation Center","article_modified_time":"2026-04-14T15:10:36+00:00","og_image":[{"width":1200,"height":628,"url":"https:\/\/berlintc.de\/wp-content\/uploads\/2026\/03\/btc_opengraphs.jpg","type":"image\/jpeg"}],"twitter_card":"summary_large_image","twitter_image":"https:\/\/berlintc.de\/wp-content\/uploads\/2026\/03\/btc_opengraphs.jpg","schema":{"@context":"https:\/\/schema.org","@graph":[{"@type":"WebPage","@id":"https:\/\/berlintc.de\/uk\/kontakt","url":"https:\/\/berlintc.de\/uk\/kontakt","name":"\u041a\u043e\u043d\u0442\u0430\u043a\u0442\u0438 | Berlin TC \u2013 \u043f\u0438\u0441\u044c\u043c\u043e\u0432\u0438\u0439 \u0442\u0430 \u0443\u0441\u043d\u0438\u0439 \u043f\u0435\u0440\u0435\u043a\u043b\u0430\u0434","isPartOf":{"@id":"https:\/\/berlintc.de\/#website"},"datePublished":"2025-11-07T08:07:01+00:00","dateModified":"2026-04-14T15:10:36+00:00","description":"\u0417\u0432\u2019\u044f\u0436\u0456\u0442\u044c\u0441\u044f \u0437 Berlin TC \u0434\u043b\u044f \u043f\u0440\u043e\u0444\u0435\u0441\u0456\u0439\u043d\u0438\u0445 \u043f\u0438\u0441\u044c\u043c\u043e\u0432\u0438\u0445 \u0456 \u0443\u0441\u043d\u0438\u0445 \u043f\u0435\u0440\u0435\u043a\u043b\u0430\u0434\u0456\u0432. \u0428\u0432\u0438\u0434\u043a\u0430 \u0442\u0430 \u043d\u0430\u0434\u0456\u0439\u043d\u0430 \u043f\u0456\u0434\u0442\u0440\u0438\u043c\u043a\u0430 \u0437\u0430 \u0432\u0430\u0448\u0438\u043c \u0437\u0430\u043f\u0438\u0442\u043e\u043c.","breadcrumb":{"@id":"https:\/\/berlintc.de\/uk\/kontakt#breadcrumb"},"inLanguage":"uk","potentialAction":[{"@type":"ReadAction","target":["https:\/\/berlintc.de\/uk\/kontakt"]}]},{"@type":"BreadcrumbList","@id":"https:\/\/berlintc.de\/uk\/kontakt#breadcrumb","itemListElement":[{"@type":"ListItem","position":1,"name":"Home","item":"https:\/\/berlintc.de\/uk"},{"@type":"ListItem","position":2,"name":"\u041a\u041e\u041d\u0422\u0410\u041a\u0422"}]},{"@type":"WebSite","@id":"https:\/\/berlintc.de\/#website","url":"https:\/\/berlintc.de\/","name":"Berlin Translation Center","description":"","potentialAction":[{"@type":"SearchAction","target":{"@type":"EntryPoint","urlTemplate":"https:\/\/berlintc.de\/?s={search_term_string}"},"query-input":{"@type":"PropertyValueSpecification","valueRequired":true,"valueName":"search_term_string"}}],"inLanguage":"uk"}]}},"_links":{"self":[{"href":"https:\/\/berlintc.de\/uk\/wp-json\/wp\/v2\/pages\/3791","targetHints":{"allow":["GET"]}}],"collection":[{"href":"https:\/\/berlintc.de\/uk\/wp-json\/wp\/v2\/pages"}],"about":[{"href":"https:\/\/berlintc.de\/uk\/wp-json\/wp\/v2\/types\/page"}],"author":[{"embeddable":true,"href":"https:\/\/berlintc.de\/uk\/wp-json\/wp\/v2\/users\/1"}],"replies":[{"embeddable":true,"href":"https:\/\/berlintc.de\/uk\/wp-json\/wp\/v2\/comments?post=3791"}],"version-history":[{"count":6,"href":"https:\/\/berlintc.de\/uk\/wp-json\/wp\/v2\/pages\/3791\/revisions"}],"predecessor-version":[{"id":6912,"href":"https:\/\/berlintc.de\/uk\/wp-json\/wp\/v2\/pages\/3791\/revisions\/6912"}],"wp:attachment":[{"href":"https:\/\/berlintc.de\/uk\/wp-json\/wp\/v2\/media?parent=3791"}],"curies":[{"name":"wp","href":"https:\/\/api.w.org\/{rel}","templated":true}]}}